{"id":22,"date":"2017-11-21T19:52:42","date_gmt":"2017-11-21T19:52:42","guid":{"rendered":"http:\/\/squipp.ch\/?page_id=22"},"modified":"2017-11-27T19:39:18","modified_gmt":"2017-11-27T19:39:18","slug":"ueber-mich","status":"publish","type":"page","link":"https:\/\/squipp.ch\/?page_id=22","title":{"rendered":"\u00fcber mich"},"content":{"rendered":"<p><span style=\"color: #000000;\">Hallo sch\u00f6n das ihr den Weg auf meine Seite<\/span> gefunden habt.<\/p>\n<p>Ich bin <span style=\"color: #000000;\">Alexandra<\/span> Zoller und Mutter von 3 Kindern. Meine Leidenschaft ist das Handwerk mit diversen Materialien. Hauswirtschaft war in der der Schule mein Lieblingsfach und habe deswegen auch eine Ausbildung als Koch gemacht. Als unser 1. Kind auf die Welt kam habe ich von meiner Mutter ihre &#8222;alte&#8220; N\u00e4hmaschine erhalten und ich konnte meiner Leidenschaft dem n\u00e4hen wieder meine Aufmerksamkeit schenken. Beim durchbl\u00e4tern diverser N\u00e4hhefete, habe ich mich an die N\u00e4hmaschine gesetzt und einfach drauf los gen\u00e4ht. Ich habe dann von Jahr zu Jahr meinen Maschinen Fuhrpark erweitert. Jetzt bin ich voll ausger\u00fcstet und freue mich immer wieder, wenn ich mich in mein N\u00e4hzimmer zur\u00fcck ziehen\u00a0 und rundherumm alles vergessen kann.<\/p>\n<div id='gallery-1' class='gallery galleryid-22 gallery-columns-1 gallery-size-medium'><figure class='gallery-item'>\n\t\t\t<div class='gallery-icon landscape'>\n\t\t\t\t<a href='https:\/\/squipp.ch\/wp-content\/uploads\/2017\/11\/IMG_7915.jpg'><img loading=\"lazy\" decoding=\"async\" width=\"300\" height=\"300\" src=\"https:\/\/squipp.ch\/wp-content\/uploads\/2017\/11\/IMG_7915-300x300.jpg\" class=\"attachment-medium size-medium\" alt=\"\" srcset=\"https:\/\/squipp.ch\/wp-content\/uploads\/2017\/11\/IMG_7915-300x300.jpg 300w, https:\/\/squipp.ch\/wp-content\/uploads\/2017\/11\/IMG_7915-150x150.jpg 150w, https:\/\/squipp.ch\/wp-content\/uploads\/2017\/11\/IMG_7915-768x768.jpg 768w, https:\/\/squipp.ch\/wp-content\/uploads\/2017\/11\/IMG_7915-1024x1024.jpg 1024w, https:\/\/squipp.ch\/wp-content\/uploads\/2017\/11\/IMG_7915-100x100.jpg 100w\" sizes=\"auto, 100vw\" \/><\/a>\n\t\t\t<\/div><\/figure>\n\t\t<\/div>\n\n<p>Ein zweites grosses Hobby von mir, daher auch der Name <strong>squipp.ch,<\/strong> ist die Pfadi. Ich war viele Jahre aktiv als Pfaderin und Leiterin dabei. Dort ist es Tradition, dass alle Teilnehmer einen Pfadinamen bekommen.\u00a0 Ich wurd auf den Namen Squipp getauft, den ich mit Stolz trage. Zur Zeit bin ich nicht mehr aktiv dabei, unterst\u00fctze aber die Pfadi gerne immer wieder wenn es etwas zu helfen gibt.<\/p>\n<p>Auf dieser Homepage seht ihr einen Einblick von meinem Hobby.\u00a0\u00a0 Wenn Ihr Fragen habt kontaktiert mich doch \u00fcber meine eMail<\/p>\n<p><strong>naehen(at)squipp.ch<\/strong><\/p>\n","protected":false},"excerpt":{"rendered":"<p>Hallo sch\u00f6n das ihr den Weg auf meine Seite gefunden habt. Ich bin Alexandra Zoller und Mutter von 3 Kindern. Meine Leidenschaft ist das Handwerk mit diversen Materialien. Hauswirtschaft war in der der Schule mein Lieblingsfach und habe deswegen auch eine Ausbildung als Koch gemacht. Als unser 1. Kind auf die Welt kam habe ich &hellip; <\/p>\n<p class=\"link-more\"><a href=\"https:\/\/squipp.ch\/?page_id=22\" class=\"more-link\"><span class=\"screen-reader-text\">\u201e\u00fcber mich\u201c<\/span> weiterlesen<\/a><\/p>\n","protected":false},"author":2,"featured_media":0,"parent":0,"menu_order":0,"comment_status":"closed","ping_status":"closed","template":"","meta":{"footnotes":""},"class_list":["post-22","page","type-page","status-publish","hentry"],"_links":{"self":[{"href":"https:\/\/squipp.ch\/index.php?rest_route=\/wp\/v2\/pages\/22","targetHints":{"allow":["GET"]}}],"collection":[{"href":"https:\/\/squipp.ch\/index.php?rest_route=\/wp\/v2\/pages"}],"about":[{"href":"https:\/\/squipp.ch\/index.php?rest_route=\/wp\/v2\/types\/page"}],"author":[{"embeddable":true,"href":"https:\/\/squipp.ch\/index.php?rest_route=\/wp\/v2\/users\/2"}],"replies":[{"embeddable":true,"href":"https:\/\/squipp.ch\/index.php?rest_route=%2Fwp%2Fv2%2Fcomments&post=22"}],"version-history":[{"count":13,"href":"https:\/\/squipp.ch\/index.php?rest_route=\/wp\/v2\/pages\/22\/revisions"}],"predecessor-version":[{"id":429,"href":"https:\/\/squipp.ch\/index.php?rest_route=\/wp\/v2\/pages\/22\/revisions\/429"}],"wp:attachment":[{"href":"https:\/\/squipp.ch\/index.php?rest_route=%2Fwp%2Fv2%2Fmedia&parent=22"}],"curies":[{"name":"wp","href":"https:\/\/api.w.org\/{rel}","templated":true}]}}