{"id":380,"date":"2024-11-29T07:36:54","date_gmt":"2024-11-29T07:36:54","guid":{"rendered":"http:\/\/squipp.ch\/?page_id=380"},"modified":"2024-11-29T07:36:54","modified_gmt":"2024-11-29T07:36:54","slug":"gealserte-arbeiten","status":"publish","type":"page","link":"https:\/\/squipp.ch\/?page_id=380","title":{"rendered":"Gelaserte Arbeiten"},"content":{"rendered":"\n<p><\/p>\n\n\n\n<p>Seit kurzem habe ich ein neues und faszinierendes Hobby entdeckt \u2013 das Lasern von Holz. Mit einem Lasergravurger\u00e4t kann ich  wundersch\u00f6ne Designs, Bilder und Texte auf Holzoberfl\u00e4chen \u00fcbertragen. Dabei sind meiner Kreativit\u00e4t fast keine Grenzen gesetzt.<\/p>\n\n\n\n<p> Von personalisierten Geschenken bis hin zu Dekorationsst\u00fccken f\u00fcr zu Hause \u2013 alles l\u00e4sst sich mit einem Lasergravurger\u00e4t auf Holz umsetzen. Die feinen Details, die man mit einem Lasergravurprozess erzielen kann, sind einfach beeindruckend. Egal, ob es sich um filigrane Muster, geometrische Designs oder sogar komplexe Bilder handelt \u2013 alles wird klar und pr\u00e4zise auf das Holz \u00fcbertragen.<\/p>\n\n\n\n<p>Ein weiteres Highlight meines Laser-Hobbys ist das Lasern von kleinen Gegenst\u00e4nden. Ich erstelle nicht nur Bilder auf Holzplatten, sondern auch kleine personalisierte Items wie Schl\u00fcsselanh\u00e4nger, Schmuck oder dekorative Schilder. Diese eignen sich hervorragend als Geschenke oder f\u00fcr den eigenen Gebrauch.<\/p>\n\n\n\n<p>Das Beste an diesem Hobby ist, dass man stets neue Techniken ausprobieren und das Handwerk immer weiter perfektionieren kann. Ich freue mich darauf, noch viele weitere kreative Projekte zu realisieren und dabei immer wieder neue Designs zu entwickeln.<\/p>\n","protected":false},"excerpt":{"rendered":"<p>Seit kurzem habe ich ein neues und faszinierendes Hobby entdeckt \u2013 das Lasern von Holz. Mit einem Lasergravurger\u00e4t kann ich wundersch\u00f6ne Designs, Bilder und Texte auf Holzoberfl\u00e4chen \u00fcbertragen. Dabei sind meiner Kreativit\u00e4t fast keine Grenzen gesetzt. Von personalisierten Geschenken bis hin zu Dekorationsst\u00fccken f\u00fcr zu Hause \u2013 alles l\u00e4sst sich mit einem Lasergravurger\u00e4t auf Holz &hellip; <\/p>\n<p class=\"link-more\"><a href=\"https:\/\/squipp.ch\/?page_id=380\" class=\"more-link\"><span class=\"screen-reader-text\">\u201eGelaserte Arbeiten\u201c<\/span> weiterlesen<\/a><\/p>\n","protected":false},"author":2,"featured_media":0,"parent":0,"menu_order":0,"comment_status":"closed","ping_status":"closed","template":"","meta":{"footnotes":""},"class_list":["post-380","page","type-page","status-publish","hentry"],"_links":{"self":[{"href":"https:\/\/squipp.ch\/index.php?rest_route=\/wp\/v2\/pages\/380","targetHints":{"allow":["GET"]}}],"collection":[{"href":"https:\/\/squipp.ch\/index.php?rest_route=\/wp\/v2\/pages"}],"about":[{"href":"https:\/\/squipp.ch\/index.php?rest_route=\/wp\/v2\/types\/page"}],"author":[{"embeddable":true,"href":"https:\/\/squipp.ch\/index.php?rest_route=\/wp\/v2\/users\/2"}],"replies":[{"embeddable":true,"href":"https:\/\/squipp.ch\/index.php?rest_route=%2Fwp%2Fv2%2Fcomments&post=380"}],"version-history":[{"count":8,"href":"https:\/\/squipp.ch\/index.php?rest_route=\/wp\/v2\/pages\/380\/revisions"}],"predecessor-version":[{"id":450,"href":"https:\/\/squipp.ch\/index.php?rest_route=\/wp\/v2\/pages\/380\/revisions\/450"}],"wp:attachment":[{"href":"https:\/\/squipp.ch\/index.php?rest_route=%2Fwp%2Fv2%2Fmedia&parent=380"}],"curies":[{"name":"wp","href":"https:\/\/api.w.org\/{rel}","templated":true}]}}